{"id":25348,"date":"2024-01-28T18:37:14","date_gmt":"2024-01-28T17:37:14","guid":{"rendered":"https:\/\/www.vodrazka.sk\/?page_id=25348"},"modified":"2026-03-12T15:08:19","modified_gmt":"2026-03-12T14:08:19","slug":"gdpr","status":"publish","type":"page","link":"https:\/\/www.vodrazka.sk\/index.php\/gdpr\/","title":{"rendered":"GDPR"},"content":{"rendered":"<div class=\"fusion-fullwidth fullwidth-box fusion-builder-row-1 fusion-flex-container has-pattern-background has-mask-background nonhundred-percent-fullwidth non-hundred-percent-height-scrolling\" style=\"--awb-border-radius-top-left:0px;--awb-border-radius-top-right:0px;--awb-border-radius-bottom-right:0px;--awb-border-radius-bottom-left:0px;--awb-flex-wrap:wrap;\" ><div class=\"fusion-builder-row fusion-row fusion-flex-align-items-flex-start fusion-flex-content-wrap\" style=\"max-width:calc( 1200px + 80px );margin-left: calc(-80px \/ 2 );margin-right: calc(-80px \/ 2 );\"><div class=\"fusion-layout-column fusion_builder_column fusion-builder-column-0 fusion_builder_column_1_1 1_1 fusion-flex-column\" style=\"--awb-bg-size:cover;--awb-width-large:100%;--awb-margin-top-large:0px;--awb-spacing-right-large:40px;--awb-margin-bottom-large:20px;--awb-spacing-left-large:40px;--awb-width-medium:100%;--awb-order-medium:0;--awb-spacing-right-medium:40px;--awb-spacing-left-medium:40px;--awb-width-small:100%;--awb-order-small:0;--awb-spacing-right-small:40px;--awb-spacing-left-small:40px;\"><div class=\"fusion-column-wrapper fusion-column-has-shadow fusion-flex-justify-content-flex-start fusion-content-layout-column\"><ul style=\"--awb-line-height:27.2px;--awb-icon-width:27.2px;--awb-icon-height:27.2px;--awb-icon-margin:11.2px;--awb-content-margin:38.4px;--awb-circlecolor:var(--awb-color4);--awb-circle-yes-font-size:14.08px;\" class=\"fusion-checklist fusion-checklist-1 fusion-checklist-default type-icons\"><li class=\"fusion-li-item\" style=\"--awb-circlecolor:var(--awb-color8);--awb-iconcolor:var(--awb-color5);\"><span class=\"icon-wrapper circle-yes\"><i class=\"fusion-li-icon fa-paperclip fas\" aria-hidden=\"true\"><\/i><\/span><div class=\"fusion-li-item-content\">\n<p><strong><a href=\"https:\/\/www.vodrazka.sk\/wp-content\/uploads\/2024\/01\/11_informacna_povinnost_zamestnanci.pdf\" target=\"_blank\" rel=\"noopener\">Informa\u010dn\u00e1 povinnos\u0165 zamestnanci<\/a><\/strong><\/p>\n<\/div><\/li><li class=\"fusion-li-item\" style=\"--awb-circlecolor:var(--awb-color8);--awb-iconcolor:var(--awb-color5);\"><span class=\"icon-wrapper circle-yes\"><i class=\"fusion-li-icon fa-paperclip fas\" aria-hidden=\"true\"><\/i><\/span><div class=\"fusion-li-item-content\">\n<p><strong><a href=\"https:\/\/www.vodrazka.sk\/wp-content\/uploads\/2024\/01\/13a_informacna_povinnost_ziaci_vzdelavanie.pdf\" target=\"_blank\" rel=\"noopener\">Informac\u030cna\u0301 povinnost\u030c \u2013 z\u030ciaci dua\u0301lneho vzdela\u0301vania<\/a><\/strong><\/p>\n<\/div><\/li><li class=\"fusion-li-item\" style=\"--awb-circlecolor:var(--awb-color8);--awb-iconcolor:var(--awb-color5);\"><span class=\"icon-wrapper circle-yes\"><i class=\"fusion-li-icon fa-paperclip fas\" aria-hidden=\"true\"><\/i><\/span><div class=\"fusion-li-item-content\">\n<p><strong><a href=\"https:\/\/www.vodrazka.sk\/wp-content\/uploads\/2024\/01\/15_informacna_povinnost_kamery.pdf\" target=\"_blank\" rel=\"noopener\">Informa\u010dn\u00e1 povinnos\u0165 \u2013 Kamerov\u00fd syst\u00e9m<\/a><\/strong><\/p>\n<\/div><\/li><li class=\"fusion-li-item\" style=\"--awb-circlecolor:var(--awb-color8);--awb-iconcolor:var(--awb-color5);\"><span class=\"icon-wrapper circle-yes\"><i class=\"fusion-li-icon fa-paperclip fas\" aria-hidden=\"true\"><\/i><\/span><div class=\"fusion-li-item-content\">\n<p><strong><a href=\"https:\/\/www.vodrazka.sk\/wp-content\/uploads\/2024\/06\/17a_-Informacna-povinnost_web_Vodrazka-.pdf\" target=\"_blank\" rel=\"noopener\">Informa\u010dn\u00e1 povinnos\u0165 \u2013 web<\/a><\/strong><\/p>\n<\/div><\/li><li class=\"fusion-li-item\" style=\"--awb-circlecolor:var(--awb-color8);--awb-iconcolor:var(--awb-color5);\"><span class=\"icon-wrapper circle-yes\"><i class=\"fusion-li-icon fa-paperclip fas\" aria-hidden=\"true\"><\/i><\/span><div class=\"fusion-li-item-content\">\n<p><strong><a href=\"https:\/\/www.vodrazka.sk\/wp-content\/uploads\/2024\/01\/18_informacna_povinnost_klienti.pdf\" target=\"_blank\" rel=\"noopener\">Informa\u010dn\u00e1 povinnos\u0165 \u2013 Klineti a zmluvn\u00ed partneri<\/a><\/strong><\/p>\n<\/div><\/li><li class=\"fusion-li-item\" style=\"--awb-circlecolor:var(--awb-color8);--awb-iconcolor:var(--awb-color5);\"><span class=\"icon-wrapper circle-yes\"><i class=\"fusion-li-icon fa-paperclip fas\" aria-hidden=\"true\"><\/i><\/span><div class=\"fusion-li-item-content\">\n<p><strong><a href=\"https:\/\/www.vodrazka.sk\/wp-content\/uploads\/2024\/01\/19_informacna_povinnost_uchadzaci.pdf\" target=\"_blank\" rel=\"noopener\">Informa\u010dn\u00e1 povinnos\u0165 \u2013 Uch\u00e1dza\u010di o zamestnanie<\/a><\/strong><\/p>\n<\/div><\/li><li class=\"fusion-li-item\" style=\"--awb-circlecolor:var(--awb-color8);--awb-iconcolor:var(--awb-color5);\"><span class=\"icon-wrapper circle-yes\"><i class=\"fusion-li-icon fa-paperclip fas\" aria-hidden=\"true\"><\/i><\/span><div class=\"fusion-li-item-content\">\n<p><strong><a href=\"https:\/\/www.vodrazka.sk\/wp-content\/uploads\/2024\/05\/zasady_pouzivania_cookies.pdf\">Z\u00e1sady pou\u017e\u00edvania s\u00faborov cookies<\/a><\/strong><\/p>\n<\/div><\/li><\/ul><\/div><\/div><\/div><\/div>\n","protected":false},"excerpt":{"rendered":"","protected":false},"author":1,"featured_media":0,"parent":0,"menu_order":0,"comment_status":"closed","ping_status":"closed","template":"","meta":{"footnotes":""},"class_list":["post-25348","page","type-page","status-publish","hentry"],"_links":{"self":[{"href":"https:\/\/www.vodrazka.sk\/index.php\/wp-json\/wp\/v2\/pages\/25348","targetHints":{"allow":["GET"]}}],"collection":[{"href":"https:\/\/www.vodrazka.sk\/index.php\/wp-json\/wp\/v2\/pages"}],"about":[{"href":"https:\/\/www.vodrazka.sk\/index.php\/wp-json\/wp\/v2\/types\/page"}],"author":[{"embeddable":true,"href":"https:\/\/www.vodrazka.sk\/index.php\/wp-json\/wp\/v2\/users\/1"}],"replies":[{"embeddable":true,"href":"https:\/\/www.vodrazka.sk\/index.php\/wp-json\/wp\/v2\/comments?post=25348"}],"version-history":[{"count":12,"href":"https:\/\/www.vodrazka.sk\/index.php\/wp-json\/wp\/v2\/pages\/25348\/revisions"}],"predecessor-version":[{"id":25869,"href":"https:\/\/www.vodrazka.sk\/index.php\/wp-json\/wp\/v2\/pages\/25348\/revisions\/25869"}],"wp:attachment":[{"href":"https:\/\/www.vodrazka.sk\/index.php\/wp-json\/wp\/v2\/media?parent=25348"}],"curies":[{"name":"wp","href":"https:\/\/api.w.org\/{rel}","templated":true}]}}